{"id":33,"date":"2020-10-05T14:14:14","date_gmt":"2020-10-05T12:14:14","guid":{"rendered":"http:\/\/preauvin.com\/?page_id=33"},"modified":"2020-10-07T09:03:27","modified_gmt":"2020-10-07T07:03:27","slug":"nos-services","status":"publish","type":"page","link":"https:\/\/preauvin.com\/index.php\/nos-services\/","title":{"rendered":"Nos Services"},"content":{"rendered":"<div data-colibri-id=\"33-c1\" class=\"style-244 style-local-33-c1 position-relative\">\n  <!---->\n  <div data-colibri-component=\"section\" data-colibri-id=\"33-c2\" id=\"features\" class=\"h-section h-section-global-spacing d-flex align-items-lg-center align-items-md-center align-items-center style-245 style-local-33-c2 position-relative\">\n    <!---->\n    <!---->\n    <div class=\"h-section-grid-container h-section-boxed-container\">\n      <div data-colibri-id=\"33-c32\" class=\"h-row-container gutters-row-lg-2 gutters-row-md-2 gutters-row-0 gutters-row-v-lg-2 gutters-row-v-md-2 gutters-row-v-2 style-254 style-local-33-c32 position-relative\">\n        <!---->\n        <div class=\"h-row justify-content-lg-center justify-content-md-center justify-content-center align-items-lg-stretch align-items-md-stretch align-items-stretch gutters-col-lg-2 gutters-col-md-2 gutters-col-0 gutters-col-v-lg-2 gutters-col-v-md-2 gutters-col-v-2\">\n          <!---->\n          <div class=\"h-column h-column-container d-flex h-col-lg-auto h-col-md-auto h-col-auto style-255-outer style-local-33-c33-outer\">\n            <div data-colibri-id=\"33-c33\" class=\"d-flex h-flex-basis h-column__inner h-px-lg-2 h-px-md-2 h-px-2 v-inner-lg-2 v-inner-md-2 v-inner-2 style-255 style-local-33-c33 position-relative\">\n              <!---->\n              <!---->\n              <div class=\"w-100 h-y-container h-column__content h-column__v-align flex-basis-100 align-self-lg-start align-self-md-start align-self-start\">\n                <!---->\n                <div data-colibri-id=\"33-c34\" class=\"h-global-transition-all h-heading style-256 style-local-33-c34 position-relative h-element\">\n                  <!---->\n                  <div class=\"h-heading__outer style-256 style-local-33-c34\">\n                    <!---->\n                    <!---->\n                    <h2 class=\"\">Expert en vins et sp\u00e9cialiste de l&#8217;import-export de vins \u00e0 l&#8217;international<\/h2>\n                  <\/div>\n                <\/div>\n                <div data-colibri-id=\"33-c35\" class=\"h-lead h-text h-text-component style-257 style-local-33-c35 position-relative h-element\">\n                  <!---->\n                  <!---->\n                  <div class=\"\">\n                    <p>Notre experience et notre r\u00e9seau nous permettent de r\u00e9pondre rapidement et professionnellement \u00e0 vos besoins<\/p>\n                  <\/div>\n                <\/div>\n              <\/div>\n            <\/div>\n          <\/div>\n        <\/div>\n      <\/div>\n      <div data-colibri-id=\"33-c3\" class=\"h-row-container gutters-row-lg-1 gutters-row-md-1 gutters-row-2 gutters-row-v-lg-1 gutters-row-v-md-1 gutters-row-v-2 style-246 style-local-33-c3 position-relative\">\n        <!---->\n        <div class=\"h-row justify-content-lg-center justify-content-md-center justify-content-center align-items-lg-stretch align-items-md-stretch align-items-stretch gutters-col-lg-1 gutters-col-md-1 gutters-col-2 gutters-col-v-lg-1 gutters-col-v-md-1 gutters-col-v-2\">\n          <!---->\n          <div class=\"h-column h-column-container d-flex h-col-lg-6 h-col-md-6 h-col-12 style-247-outer style-local-33-c4-outer\">\n            <div data-colibri-id=\"33-c4\" class=\"d-flex h-flex-basis h-column__inner h-px-lg-0 h-px-md-0 h-px-0 v-inner-lg-0 v-inner-md-0 v-inner-2 style-247 style-local-33-c4 position-relative\">\n              <!---->\n              <!---->\n              <div class=\"w-100 h-y-container h-column__content h-column__v-align flex-basis-100 align-self-lg-start align-self-md-start align-self-start\">\n                <!---->\n                <div data-colibri-id=\"33-c5\" class=\"h-row-container gutters-row-lg-1 gutters-row-md-1 gutters-row-0 gutters-row-v-lg-1 gutters-row-v-md-1 gutters-row-v-2 style-248 style-local-33-c5 position-relative\">\n                  <!---->\n                  <div class=\"h-row justify-content-lg-center justify-content-md-center justify-content-center align-items-lg-stretch align-items-md-stretch align-items-stretch gutters-col-lg-1 gutters-col-md-1 gutters-col-0 gutters-col-v-lg-1 gutters-col-v-md-1 gutters-col-v-2\">\n                    <!---->\n                    <div class=\"h-column h-column-container d-flex h-col-lg-auto h-col-md-auto h-col-auto style-249-outer style-local-33-c6-outer\">\n                      <div data-colibri-id=\"33-c6\" class=\"d-flex h-flex-basis h-column__inner h-px-lg-0 h-px-md-0 h-px-0 v-inner-lg-0 v-inner-md-0 v-inner-0 style-249 style-local-33-c6 position-relative\">\n                        <!---->\n                        <!---->\n                        <div class=\"w-100 h-y-container h-column__content h-column__v-align flex-basis-auto align-self-lg-start align-self-md-start align-self-start\">\n                          <!---->\n                          <div data-colibri-id=\"33-c7\" class=\"h-icon style-250 style-local-33-c7 position-relative h-element\">\n                            <!----><span class=\"h-svg-icon h-icon__icon style-250-icon style-local-33-c7-icon\"><!--Icon by Font Awesome (https:\/\/fontawesome.com)--><svg version=\"1.1\" xmlns=\"http:\/\/www.w3.org\/2000\/svg\" xmlns:xlink=\"http:\/\/www.w3.org\/1999\/xlink\" id=\"check\" viewBox=\"0 0 1792 1896.0833\"><path d=\"M1671 566q0 40-28 68l-724 724-136 136q-28 28-68 28t-68-28l-136-136-362-362q-28-28-28-68t28-68l136-136q28-28 68-28t68 28l294 295 656-657q28-28 68-28t68 28l136 136q28 28 28 68z\"><\/path><\/svg><\/span><\/div>\n                        <\/div>\n                      <\/div>\n                    <\/div>\n                    <div class=\"h-column h-column-container d-flex h-col-lg h-col-md h-col-auto style-251-outer style-local-33-c8-outer\">\n                      <div data-colibri-id=\"33-c8\" class=\"d-flex h-flex-basis h-column__inner h-px-lg-0 h-px-md-0 h-px-0 v-inner-lg-0 v-inner-md-0 v-inner-0 style-251 style-local-33-c8 position-relative\">\n                        <!---->\n                        <!---->\n                        <div class=\"w-100 h-y-container h-column__content h-column__v-align flex-basis-100 align-self-lg-start align-self-md-start align-self-start\">\n                          <!---->\n                          <div data-colibri-id=\"33-c9\" class=\"h-global-transition-all h-heading style-252 style-local-33-c9 position-relative h-element\">\n                            <!---->\n                            <div class=\"h-heading__outer style-252 style-local-33-c9\">\n                              <!---->\n                              <!---->\n                              <h5 class=\"\">Expertise<\/h5>\n                            <\/div>\n                          <\/div>\n                          <div data-colibri-id=\"33-c10\" class=\"h-text h-text-component style-253 style-local-33-c10 position-relative h-element\">\n                            <!---->\n                            <!---->\n                            <div class=\"\">\n                              <p>Donnez nous ou d\u00e9finissons ensemble votre cahier des charges. Forts de notre r\u00e9seau \u00e0 l&#8217;international, nous vous proposerons des qualit\u00e9s de vins r\u00e9pondant \u00e0 vos attentes.<\/p>\n                            <\/div>\n                          <\/div>\n                        <\/div>\n                      <\/div>\n                    <\/div>\n                  <\/div>\n                <\/div>\n              <\/div>\n            <\/div>\n          <\/div>\n          <div class=\"h-column h-column-container d-flex h-col-lg-6 h-col-md-6 h-col-12 style-247-outer style-local-33-c11-outer\">\n            <div data-colibri-id=\"33-c11\" class=\"d-flex h-flex-basis h-column__inner h-px-lg-0 h-px-md-0 h-px-0 v-inner-lg-0 v-inner-md-0 v-inner-2 style-247 style-local-33-c11 position-relative\">\n              <!---->\n              <!---->\n              <div class=\"w-100 h-y-container h-column__content h-column__v-align flex-basis-100 align-self-lg-start align-self-md-start align-self-start\">\n                <!---->\n                <div data-colibri-id=\"33-c12\" class=\"h-row-container gutters-row-lg-1 gutters-row-md-1 gutters-row-0 gutters-row-v-lg-1 gutters-row-v-md-1 gutters-row-v-2 style-248 style-local-33-c12 position-relative\">\n                  <!---->\n                  <div class=\"h-row justify-content-lg-center justify-content-md-center justify-content-center align-items-lg-stretch align-items-md-stretch align-items-stretch gutters-col-lg-1 gutters-col-md-1 gutters-col-0 gutters-col-v-lg-1 gutters-col-v-md-1 gutters-col-v-2\">\n                    <!---->\n                    <div class=\"h-column h-column-container d-flex h-col-lg-auto h-col-md-auto h-col-auto style-249-outer style-local-33-c13-outer\">\n                      <div data-colibri-id=\"33-c13\" class=\"d-flex h-flex-basis h-column__inner h-px-lg-0 h-px-md-0 h-px-0 v-inner-lg-0 v-inner-md-0 v-inner-0 style-249 style-local-33-c13 position-relative\">\n                        <!---->\n                        <!---->\n                        <div class=\"w-100 h-y-container h-column__content h-column__v-align flex-basis-auto align-self-lg-start align-self-md-start align-self-start\">\n                          <!---->\n                          <div data-colibri-id=\"33-c14\" class=\"h-icon style-250 style-local-33-c14 position-relative h-element\">\n                            <!----><span class=\"h-svg-icon h-icon__icon style-250-icon style-local-33-c14-icon\"><!--Icon by Font Awesome (https:\/\/fontawesome.com)--><svg version=\"1.1\" xmlns=\"http:\/\/www.w3.org\/2000\/svg\" xmlns:xlink=\"http:\/\/www.w3.org\/1999\/xlink\" id=\"paperclip\" viewBox=\"0 0 1416.5353 1896.0833\"><path d=\"M1404 1385q0 117-79 196t-196 79q-135 0-235-100L117 784Q4 669 4 513q0-159 110-270t269-111q158 0 273 113l605 606q10 10 10 22 0 16-30.5 46.5T1194 950q-13 0-23-10L565 333q-79-77-181-77-106 0-179 75t-73 181q0 105 76 181l776 777q63 63 145 63 64 0 106-42t42-106q0-82-63-145L633 659q-26-24-60-24-29 0-48 19t-19 48q0 32 25 59l410 410q10 10 10 22 0 16-31 47t-47 31q-12 0-22-10L441 851q-63-61-63-149 0-82 57-139t139-57q88 0 149 63l581 581q100 98 100 235z\"><\/path><\/svg><\/span><\/div>\n                        <\/div>\n                      <\/div>\n                    <\/div>\n                    <div class=\"h-column h-column-container d-flex h-col-lg h-col-md h-col-auto style-251-outer style-local-33-c15-outer\">\n                      <div data-colibri-id=\"33-c15\" class=\"d-flex h-flex-basis h-column__inner h-px-lg-0 h-px-md-0 h-px-0 v-inner-lg-0 v-inner-md-0 v-inner-0 style-251 style-local-33-c15 position-relative\">\n                        <!---->\n                        <!---->\n                        <div class=\"w-100 h-y-container h-column__content h-column__v-align flex-basis-100 align-self-lg-start align-self-md-start align-self-start\">\n                          <!---->\n                          <div data-colibri-id=\"33-c16\" class=\"h-global-transition-all h-heading style-252 style-local-33-c16 position-relative h-element\">\n                            <!---->\n                            <div class=\"h-heading__outer style-252 style-local-33-c16\">\n                              <!---->\n                              <!---->\n                              <h5 class=\"\">Accompagnement Administratif<\/h5>\n                            <\/div>\n                          <\/div>\n                          <div data-colibri-id=\"33-c17\" class=\"h-text h-text-component style-253 style-local-33-c17 position-relative h-element\">\n                            <!---->\n                            <!---->\n                            <div class=\"\">\n                              <p>Notre experience nous permet de prendre en charge l&#8217;ensemble des formalit\u00e9s douani\u00e8res et de vous garantir une livraison r\u00e9pondant \u00e0 vos contraintes de temps.<\/p>\n                            <\/div>\n                          <\/div>\n                        <\/div>\n                      <\/div>\n                    <\/div>\n                  <\/div>\n                <\/div>\n              <\/div>\n            <\/div>\n          <\/div>\n          <div class=\"h-column h-column-container d-flex h-col-lg-6 h-col-md-6 h-col-12 style-247-outer style-local-33-c18-outer\">\n            <div data-colibri-id=\"33-c18\" class=\"d-flex h-flex-basis h-column__inner h-px-lg-0 h-px-md-0 h-px-0 v-inner-lg-0 v-inner-md-0 v-inner-2 style-247 style-local-33-c18 position-relative\">\n              <!---->\n              <!---->\n              <div class=\"w-100 h-y-container h-column__content h-column__v-align flex-basis-100 align-self-lg-start align-self-md-start align-self-start\">\n                <!---->\n                <div data-colibri-id=\"33-c19\" class=\"h-row-container gutters-row-lg-1 gutters-row-md-1 gutters-row-0 gutters-row-v-lg-1 gutters-row-v-md-1 gutters-row-v-2 style-248 style-local-33-c19 position-relative\">\n                  <!---->\n                  <div class=\"h-row justify-content-lg-center justify-content-md-center justify-content-center align-items-lg-stretch align-items-md-stretch align-items-stretch gutters-col-lg-1 gutters-col-md-1 gutters-col-0 gutters-col-v-lg-1 gutters-col-v-md-1 gutters-col-v-2\">\n                    <!---->\n                    <div class=\"h-column h-column-container d-flex h-col-lg-auto h-col-md-auto h-col-auto style-249-outer style-local-33-c20-outer\">\n                      <div data-colibri-id=\"33-c20\" class=\"d-flex h-flex-basis h-column__inner h-px-lg-0 h-px-md-0 h-px-0 v-inner-lg-0 v-inner-md-0 v-inner-0 style-249 style-local-33-c20 position-relative\">\n                        <!---->\n                        <!---->\n                        <div class=\"w-100 h-y-container h-column__content h-column__v-align flex-basis-auto align-self-lg-start align-self-md-start align-self-start\">\n                          <!---->\n                          <div data-colibri-id=\"33-c21\" class=\"h-icon style-250 style-local-33-c21 position-relative h-element\">\n                            <!----><span class=\"h-svg-icon h-icon__icon style-250-icon style-local-33-c21-icon\"><!--Icon by Font Awesome (https:\/\/fontawesome.com)--><svg version=\"1.1\" xmlns=\"http:\/\/www.w3.org\/2000\/svg\" xmlns:xlink=\"http:\/\/www.w3.org\/1999\/xlink\" id=\"paper-plane\" viewBox=\"0 0 1792.0013 1896.0833\"><path d=\"M1764 11q33 24 27 64l-256 1536q-5 29-32 45-14 8-31 8-11 0-24-5l-453-185-242 295q-18 23-49 23-13 0-22-4-19-7-30.5-23.5T640 1728v-349l864-1059-1069 925-395-162q-37-14-40-55-2-40 32-59L1696 9q15-9 32-9 20 0 36 11z\"><\/path><\/svg><\/span><\/div>\n                        <\/div>\n                      <\/div>\n                    <\/div>\n                    <div class=\"h-column h-column-container d-flex h-col-lg h-col-md h-col-auto style-251-outer style-local-33-c22-outer\">\n                      <div data-colibri-id=\"33-c22\" class=\"d-flex h-flex-basis h-column__inner h-px-lg-0 h-px-md-0 h-px-0 v-inner-lg-0 v-inner-md-0 v-inner-0 style-251 style-local-33-c22 position-relative\">\n                        <!---->\n                        <!---->\n                        <div class=\"w-100 h-y-container h-column__content h-column__v-align flex-basis-100 align-self-lg-start align-self-md-start align-self-start\">\n                          <!---->\n                          <div data-colibri-id=\"33-c23\" class=\"h-global-transition-all h-heading style-252 style-local-33-c23 position-relative h-element\">\n                            <!---->\n                            <div class=\"h-heading__outer style-252 style-local-33-c23\">\n                              <!---->\n                              <!---->\n                              <h5 class=\"\">Accompagnement logistique<\/h5>\n                            <\/div>\n                          <\/div>\n                          <div data-colibri-id=\"33-c24\" class=\"h-text h-text-component style-253 style-local-33-c24 position-relative h-element\">\n                            <!---->\n                            <!---->\n                            <div class=\"\">\n                              <p>Depuis l&#8217;enl\u00e8vement au domaine jusqu&#8217;\u00e0 la livraison \u00e0 votre entrep\u00f4t, nous organisons l&#8217;ensemble du transport partout dans le monde.<\/p>\n                            <\/div>\n                          <\/div>\n                        <\/div>\n                      <\/div>\n                    <\/div>\n                  <\/div>\n                <\/div>\n              <\/div>\n            <\/div>\n          <\/div>\n          <div class=\"h-column h-column-container d-flex h-col-lg-6 h-col-md-6 h-col-12 style-247-outer style-local-33-c25-outer\">\n            <div data-colibri-id=\"33-c25\" class=\"d-flex h-flex-basis h-column__inner h-px-lg-0 h-px-md-0 h-px-0 v-inner-lg-0 v-inner-md-0 v-inner-2 style-247 style-local-33-c25 position-relative\">\n              <!---->\n              <!---->\n              <div class=\"w-100 h-y-container h-column__content h-column__v-align flex-basis-100 align-self-lg-start align-self-md-start align-self-start\">\n                <!---->\n                <div data-colibri-id=\"33-c26\" class=\"h-row-container gutters-row-lg-1 gutters-row-md-1 gutters-row-0 gutters-row-v-lg-1 gutters-row-v-md-1 gutters-row-v-2 style-248 style-local-33-c26 position-relative\">\n                  <!---->\n                  <div class=\"h-row justify-content-lg-center justify-content-md-center justify-content-center align-items-lg-stretch align-items-md-stretch align-items-stretch gutters-col-lg-1 gutters-col-md-1 gutters-col-0 gutters-col-v-lg-1 gutters-col-v-md-1 gutters-col-v-2\">\n                    <!---->\n                    <div class=\"h-column h-column-container d-flex h-col-lg-auto h-col-md-auto h-col-auto style-249-outer style-local-33-c27-outer\">\n                      <div data-colibri-id=\"33-c27\" class=\"d-flex h-flex-basis h-column__inner h-px-lg-0 h-px-md-0 h-px-0 v-inner-lg-0 v-inner-md-0 v-inner-0 style-249 style-local-33-c27 position-relative\">\n                        <!---->\n                        <!---->\n                        <div class=\"w-100 h-y-container h-column__content h-column__v-align flex-basis-auto align-self-lg-start align-self-md-start align-self-start\">\n                          <!---->\n                          <div data-colibri-id=\"33-c28\" class=\"h-icon style-250 style-local-33-c28 position-relative h-element\">\n                            <!----><span class=\"h-svg-icon h-icon__icon style-250-icon style-local-33-c28-icon\"><!--Icon by Socicon (http:\/\/www.socicon.com)--><svg version=\"1.1\" xmlns=\"http:\/\/www.w3.org\/2000\/svg\" viewBox=\"0 0 1500 1500\">\n\n<path d=\"M750 500.977l-421.875 243.164v-489.258l421.875 246.094 433.594-251.953-433.594-249.023-433.594 249.023v500.977l433.594 249.023 421.875-243.164v489.258l-421.875-246.094-433.594 251.953 433.594 249.023 433.594-249.023v-500.977z\"><\/path>\n<\/svg>\n<\/span><\/div>\n                        <\/div>\n                      <\/div>\n                    <\/div>\n                    <div class=\"h-column h-column-container d-flex h-col-lg h-col-md h-col-auto style-251-outer style-local-33-c29-outer\">\n                      <div data-colibri-id=\"33-c29\" class=\"d-flex h-flex-basis h-column__inner h-px-lg-0 h-px-md-0 h-px-0 v-inner-lg-0 v-inner-md-0 v-inner-0 style-251 style-local-33-c29 position-relative\">\n                        <!---->\n                        <!---->\n                        <div class=\"w-100 h-y-container h-column__content h-column__v-align flex-basis-100 align-self-lg-start align-self-md-start align-self-start\">\n                          <!---->\n                          <div data-colibri-id=\"33-c30\" class=\"h-global-transition-all h-heading style-252 style-local-33-c30 position-relative h-element\">\n                            <!---->\n                            <div class=\"h-heading__outer style-252 style-local-33-c30\">\n                              <!---->\n                              <!---->\n                              <h5 class=\"\">Stockage de vos vins<\/h5>\n                            <\/div>\n                          <\/div>\n                          <div data-colibri-id=\"33-c31\" class=\"h-text h-text-component style-253 style-local-33-c31 position-relative h-element\">\n                            <!---->\n                            <!---->\n                            <div class=\"\">\n                              <p>Dans le cas o\u00f9 il vous faudrait retirer le vin au long cours, nous sommes \u00e9galement en mesure de stocker vos vins en pr\u00e9servant leurs qualit\u00e9s.<\/p>\n                            <\/div>\n                          <\/div>\n                        <\/div>\n                      <\/div>\n                    <\/div>\n                  <\/div>\n                <\/div>\n              <\/div>\n            <\/div>\n          <\/div>\n        <\/div>\n      <\/div>\n    <\/div>\n  <\/div>\n<\/div>","protected":false},"excerpt":{"rendered":"<p>Expert en vins et sp\u00e9cialiste de l&#8217;import-export de vins \u00e0 l&#8217;international Notre experience et notre r\u00e9seau nous permettent de r\u00e9pondre rapidement et professionnellement \u00e0 vos besoins Expertise Donnez nous ou d\u00e9finissons ensemble votre cahier des charges. Forts de notre r\u00e9seau \u00e0 l&#8217;international, nous vous proposerons des qualit\u00e9s de vins r\u00e9pondant \u00e0 vos attentes. Accompagnement Administratif [&hellip;]<\/p>\n","protected":false},"author":1,"featured_media":0,"parent":0,"menu_order":0,"comment_status":"closed","ping_status":"closed","template":"page-templates\/full-width-page.php","meta":[],"_links":{"self":[{"href":"https:\/\/preauvin.com\/index.php\/wp-json\/wp\/v2\/pages\/33"}],"collection":[{"href":"https:\/\/preauvin.com\/index.php\/wp-json\/wp\/v2\/pages"}],"about":[{"href":"https:\/\/preauvin.com\/index.php\/wp-json\/wp\/v2\/types\/page"}],"author":[{"embeddable":true,"href":"https:\/\/preauvin.com\/index.php\/wp-json\/wp\/v2\/users\/1"}],"replies":[{"embeddable":true,"href":"https:\/\/preauvin.com\/index.php\/wp-json\/wp\/v2\/comments?post=33"}],"version-history":[{"count":3,"href":"https:\/\/preauvin.com\/index.php\/wp-json\/wp\/v2\/pages\/33\/revisions"}],"predecessor-version":[{"id":182,"href":"https:\/\/preauvin.com\/index.php\/wp-json\/wp\/v2\/pages\/33\/revisions\/182"}],"wp:attachment":[{"href":"https:\/\/preauvin.com\/index.php\/wp-json\/wp\/v2\/media?parent=33"}],"curies":[{"name":"wp","href":"https:\/\/api.w.org\/{rel}","templated":true}]}}