{"id":30,"date":"2020-10-05T14:14:14","date_gmt":"2020-10-05T12:14:14","guid":{"rendered":"http:\/\/preauvin.com\/?page_id=30"},"modified":"2020-10-05T16:29:42","modified_gmt":"2020-10-05T14:29:42","slug":"notre-histoire","status":"publish","type":"page","link":"https:\/\/preauvin.com\/index.php\/notre-histoire\/","title":{"rendered":"Notre Histoire"},"content":{"rendered":"<div data-colibri-id=\"30-c1\" class=\"style-259 style-local-30-c1 position-relative\">\n  <!---->\n  <div data-colibri-component=\"section\" data-colibri-id=\"30-c2\" id=\"about\" class=\"h-section h-section-global-spacing d-flex align-items-lg-center align-items-md-center align-items-center style-260 style-local-30-c2 position-relative\">\n    <!---->\n    <!---->\n    <div class=\"h-section-grid-container h-section-boxed-container\">\n      <!---->\n      <div data-colibri-id=\"30-c3\" class=\"h-row-container gutters-row-lg-2 gutters-row-md-2 gutters-row-2 gutters-row-v-lg-2 gutters-row-v-md-2 gutters-row-v-2 style-261 style-local-30-c3 position-relative\">\n        <!---->\n        <div class=\"h-row justify-content-lg-center justify-content-md-center justify-content-center align-items-lg-stretch align-items-md-stretch align-items-stretch gutters-col-lg-2 gutters-col-md-2 gutters-col-2 gutters-col-v-lg-2 gutters-col-v-md-2 gutters-col-v-2\">\n          <!---->\n          <div class=\"h-column h-column-container d-flex h-col-lg-auto h-col-md-auto h-col-auto style-262-outer style-local-30-c4-outer\">\n            <div data-colibri-id=\"30-c4\" class=\"d-flex h-flex-basis h-column__inner h-px-lg-2 h-px-md-2 h-px-2 v-inner-lg-2 v-inner-md-2 v-inner-2 style-262 style-local-30-c4 position-relative\">\n              <!---->\n              <!---->\n              <div class=\"w-100 h-y-container h-column__content h-column__v-align flex-basis-100 align-self-lg-center align-self-md-center align-self-center\">\n                <!---->\n                <div data-colibri-id=\"30-c5\" class=\"h-global-transition-all h-heading style-264 style-local-30-c5 position-relative h-element\">\n                  <!---->\n                  <div class=\"h-heading__outer style-264 style-local-30-c5\">\n                    <!---->\n                    <!---->\n                    <h2 class=\"\">Notre expertise et notre r\u00e9seau sont \u00e0 votre disposition !<\/h2>\n                  <\/div>\n                <\/div>\n                <div data-colibri-id=\"30-c6\" class=\"h-text h-text-component style-265 style-local-30-c6 position-relative h-element\">\n                  <!---->\n                  <!---->\n                  <div class=\"\">\n                    <p>Sp\u00e9cialis\u00e9s dans la vente de vins et le n\u00e9goce de vins \u00e0 l&#8217;international, nous&nbsp;vous accompagnons dans tous vos besoins en import de vins au meilleur rapport qualit\u00e9-prix.&nbsp;<\/p>\n                  <\/div>\n                <\/div>\n                <div data-colibri-id=\"30-c7\" class=\"h-x-container style-266 style-local-30-c7 position-relative h-element\">\n                  <!---->\n                  <div class=\"h-x-container-inner style-dynamic-30-c7-group style-266-spacing style-local-30-c7-spacing\"><span class=\"h-button__outer style-267-outer style-local-30-c8-outer d-inline-flex h-element\"><a h-use-smooth-scroll=\"true\" href=\"http:\/\/preauvin.com\/index.php\/nos-services\/\"  data-colibri-id=\"30-c8\" class=\"d-flex w-100 align-items-center h-button justify-content-lg-center justify-content-md-center justify-content-center style-267 style-local-30-c8 position-relative\"><!----><!----> <span>D\u00e9couvrez nos services<\/span><\/a>\n                    <\/span>\n                  <\/div>\n                <\/div>\n              <\/div>\n            <\/div>\n          <\/div>\n          <div class=\"h-column h-column-container d-flex h-col-lg-auto h-col-md-auto h-col-auto style-268-outer style-local-30-c9-outer\">\n            <div data-colibri-id=\"30-c9\" class=\"d-flex h-flex-basis h-column__inner h-px-lg-2 h-px-md-2 h-px-2 v-inner-lg-2 v-inner-md-2 v-inner-2 style-268 style-local-30-c9 position-relative\">\n              <!---->\n              <!---->\n              <div class=\"w-100 h-y-container h-column__content h-column__v-align flex-basis-100 align-self-lg-center align-self-md-center align-self-center\">\n                <!---->\n                <div data-colibri-id=\"30-c10\" class=\"d-block style-269 style-local-30-c10 position-relative h-element\">\n                  <!---->\n                  <div class=\"h-image__frame-container-outer\">\n                    <div class=\"h-image__frame-container\">\n                      <!---->\n                      <!---->\n                      <img loading=\"lazy\" width=\"2973\" height=\"2973\" src=\"http:\/\/preauvin.com\/wp-content\/uploads\/2020\/10\/cropped-ripe-green-grapes-on-the-sunny-vine.jpg\" class=\"wp-image-131 style-269-image style-local-30-c10-image\" srcset=\"https:\/\/preauvin.com\/wp-content\/uploads\/2020\/10\/cropped-ripe-green-grapes-on-the-sunny-vine.jpg 2973w, https:\/\/preauvin.com\/wp-content\/uploads\/2020\/10\/cropped-ripe-green-grapes-on-the-sunny-vine-150x150.jpg 150w, https:\/\/preauvin.com\/wp-content\/uploads\/2020\/10\/cropped-ripe-green-grapes-on-the-sunny-vine-300x300.jpg 300w, https:\/\/preauvin.com\/wp-content\/uploads\/2020\/10\/cropped-ripe-green-grapes-on-the-sunny-vine-768x768.jpg 768w, https:\/\/preauvin.com\/wp-content\/uploads\/2020\/10\/cropped-ripe-green-grapes-on-the-sunny-vine-1024x1024.jpg 1024w\" sizes=\"(max-width: 2973px) 100vw, 2973px\" alt=\"\" \/>\n                      <div class=\"h-image__frame h-hide-sm style-269-frameImage style-local-30-c10-frameImage\"><\/div>\n                    <\/div>\n                  <\/div>\n                <\/div>\n              <\/div>\n            <\/div>\n          <\/div>\n        <\/div>\n      <\/div>\n    <\/div>\n  <\/div>\n<\/div>","protected":false},"excerpt":{"rendered":"<p>Notre expertise et notre r\u00e9seau sont \u00e0 votre disposition ! Sp\u00e9cialis\u00e9s dans la vente de vins et le n\u00e9goce de vins \u00e0 l&#8217;international, nous&nbsp;vous accompagnons dans tous vos besoins en import de vins au meilleur rapport qualit\u00e9-prix.&nbsp; D\u00e9couvrez nos services<\/p>\n","protected":false},"author":1,"featured_media":0,"parent":0,"menu_order":0,"comment_status":"closed","ping_status":"closed","template":"page-templates\/full-width-page.php","meta":[],"_links":{"self":[{"href":"https:\/\/preauvin.com\/index.php\/wp-json\/wp\/v2\/pages\/30"}],"collection":[{"href":"https:\/\/preauvin.com\/index.php\/wp-json\/wp\/v2\/pages"}],"about":[{"href":"https:\/\/preauvin.com\/index.php\/wp-json\/wp\/v2\/types\/page"}],"author":[{"embeddable":true,"href":"https:\/\/preauvin.com\/index.php\/wp-json\/wp\/v2\/users\/1"}],"replies":[{"embeddable":true,"href":"https:\/\/preauvin.com\/index.php\/wp-json\/wp\/v2\/comments?post=30"}],"version-history":[{"count":3,"href":"https:\/\/preauvin.com\/index.php\/wp-json\/wp\/v2\/pages\/30\/revisions"}],"predecessor-version":[{"id":167,"href":"https:\/\/preauvin.com\/index.php\/wp-json\/wp\/v2\/pages\/30\/revisions\/167"}],"wp:attachment":[{"href":"https:\/\/preauvin.com\/index.php\/wp-json\/wp\/v2\/media?parent=30"}],"curies":[{"name":"wp","href":"https:\/\/api.w.org\/{rel}","templated":true}]}}